{"id":106,"date":"2023-05-27T01:50:52","date_gmt":"2023-05-27T01:50:52","guid":{"rendered":"https:\/\/msztrk.com\/?page_id=106"},"modified":"2023-05-27T11:51:32","modified_gmt":"2023-05-27T11:51:32","slug":"hakkinda","status":"publish","type":"page","link":"https:\/\/msztrk.com\/?page_id=106","title":{"rendered":"hakk\u0131mda"},"content":{"rendered":"\n<p>Antalyal\u0131y\u0131m, <\/p>\n\n\n\n<p>Anadolu \u0130mam Hatip Lisesi orta k\u0131sm\u0131 sonras\u0131nda 75. Y\u0131l Cumhuriyet Lisesinde say\u0131sal alanda okudum. \u0130lk tercihim olarak yerle\u015fti\u011fim ve eski ad\u0131yla Ankara \u0130ktisadi ve Ticari \u0130limler Akademisi olan Gazi \u00dcniversitesi \u0130\u0130BF \u0130ktisat B\u00f6l\u00fcm\u00fc 2009 mezunuyum. Y\u00fcksek lisans ve doktora \u00e7al\u0131\u015fmalar\u0131m\u0131 \u0130n\u00f6n\u00fc \u00dcniversitesi\u2019nde yapt\u0131m ve s\u0131ras\u0131yla &#8220;<em>\u0130ktisadi Sistemlerde B\u00f6l\u00fc\u015f\u00fcm ve Ortakl\u0131k Ekonomisi<\/em>&#8221; ve &#8220;<em>\u0130hracat Dinamikleri ve Ekonomik B\u00fcy\u00fcme \u0130li\u015fkisi: T\u00fcrkiye \u00d6rne\u011fi<\/em>&#8221; ba\u015fl\u0131kl\u0131 y\u00fcksek lisans ve doktora tezlerini haz\u0131rlad\u0131m. 2020 y\u0131l\u0131nda <em>makroekonomi <\/em>alan\u0131nda do\u00e7ent oldum.<\/p>\n\n\n\n<p>Adil Ekonomik D\u00fczen ve \u0130slami \u0130ktisat \u00e7al\u0131\u015fmalar\u0131n\u0131n yan\u0131 s\u0131ra ekonomik b\u00fcy\u00fcme, i\u015fsizlik, enflasyon, g\u00fcven, cari denge, gelir da\u011f\u0131l\u0131m\u0131 ve sosyal politika alanlar\u0131nda ara\u015ft\u0131rmalar ve uluslararas\u0131 yay\u0131nlar yapmaktay\u0131m. Ayr\u0131ca, uluslararas\u0131 akademik ara\u015ft\u0131rmalar ve insani yard\u0131m \u00e7al\u0131\u015fmalar\u0131 kapsam\u0131nda yurtd\u0131\u015f\u0131nda faaliyetlere kat\u0131l\u0131m sa\u011flamaktay\u0131m.<\/p>\n\n\n\n<p>Saadet Partisi Genel \u0130dare Kurulu \u00fcyesiyim ve Ekonomi Politikalar\u0131 Kurul koordinat\u00f6r\u00fcy\u00fcm. Ya\u015fanabilir bir T\u00fcrkiye, Yeniden B\u00fcy\u00fck T\u00fcrkiye ve Yeni Bir D\u00fcnya idealiyle akademik ve siyasi \u00e7al\u0131\u015fmalar\u0131m\u0131 yapmaya gayret g\u00f6steriyorum.<\/p>\n\n\n\n<p>D\u00fc\u015f\u00fcnmeyi, Sorgulamay\u0131, Yordamlamay\u0131, \u0130zlemeyi, G\u00f6zlemlemeyi, Okumay\u0131, Serimlemeyi, Ele\u015ftirmeyi,  Konu\u015fmay\u0131, Tart\u0131\u015fmay\u0131 ve gerekti\u011finde harekete ge\u00e7meyi severim. Bunlar\u0131 seveni de bir ba\u015fka severim.<\/p>\n\n\n\n<p>Evli, iki \u00e7ocuk babas\u0131y\u0131m ve fenerbah\u00e7eliyim.  <\/p>\n\n\n\n<p>Akademik CV i\u00e7in <a href=\"https:\/\/msztrk.com\/wp-content\/uploads\/2023\/05\/musaozturkCV.pdf\" data-type=\"attachment\" data-id=\"129\" target=\"_blank\" rel=\"noreferrer noopener\">T\u0131klay\u0131n\u0131z<\/a><\/p>\n","protected":false},"excerpt":{"rendered":"<p>Antalyal\u0131y\u0131m, Anadolu \u0130mam Hatip Lisesi orta k\u0131sm\u0131 sonras\u0131nda 75. Y\u0131l Cumhuriyet Lisesinde say\u0131sal alanda okudum. \u0130lk tercihim olarak yerle\u015fti\u011fim ve eski ad\u0131yla Ankara \u0130ktisadi ve Ticari \u0130limler Akademisi olan Gazi \u00dcniversitesi \u0130\u0130BF \u0130ktisat B\u00f6l\u00fcm\u00fc 2009 mezunuyum. Y\u00fcksek lisans ve doktora \u00e7al\u0131\u015fmalar\u0131m\u0131 \u0130n\u00f6n\u00fc \u00dcniversitesi\u2019nde yapt\u0131m ve s\u0131ras\u0131yla &#8220;\u0130ktisadi Sistemlerde B\u00f6l\u00fc\u015f\u00fcm ve Ortakl\u0131k Ekonomisi&#8221; ve &#8220;\u0130hracat Dinamikleri &hellip; <a href=\"https:\/\/msztrk.com\/?page_id=106\" class=\"more-link\">Okumaya devam et <span class=\"screen-reader-text\">hakk\u0131mda<\/span><\/a><\/p>\n","protected":false},"author":1,"featured_media":0,"parent":0,"menu_order":0,"comment_status":"closed","ping_status":"closed","template":"","meta":{"footnotes":""},"_links":{"self":[{"href":"https:\/\/msztrk.com\/index.php?rest_route=\/wp\/v2\/pages\/106"}],"collection":[{"href":"https:\/\/msztrk.com\/index.php?rest_route=\/wp\/v2\/pages"}],"about":[{"href":"https:\/\/msztrk.com\/index.php?rest_route=\/wp\/v2\/types\/page"}],"author":[{"embeddable":true,"href":"https:\/\/msztrk.com\/index.php?rest_route=\/wp\/v2\/users\/1"}],"replies":[{"embeddable":true,"href":"https:\/\/msztrk.com\/index.php?rest_route=%2Fwp%2Fv2%2Fcomments&post=106"}],"version-history":[{"count":8,"href":"https:\/\/msztrk.com\/index.php?rest_route=\/wp\/v2\/pages\/106\/revisions"}],"predecessor-version":[{"id":131,"href":"https:\/\/msztrk.com\/index.php?rest_route=\/wp\/v2\/pages\/106\/revisions\/131"}],"wp:attachment":[{"href":"https:\/\/msztrk.com\/index.php?rest_route=%2Fwp%2Fv2%2Fmedia&parent=106"}],"curies":[{"name":"wp","href":"https:\/\/api.w.org\/{rel}","templated":true}]}}